{"id":378,"date":"2017-04-17T23:34:43","date_gmt":"2017-04-17T20:34:43","guid":{"rendered":"http:\/\/www.lemonvilla.com\/?page_id=378"},"modified":"2023-09-21T22:14:40","modified_gmt":"2023-09-21T19:14:40","slug":"anasayfa","status":"publish","type":"page","link":"https:\/\/www.lemonvilla.com\/?lang=tr","title":{"rendered":"Anasayfa"},"content":{"rendered":"<h3><strong>T\u00fcrkiye&#8217;nin En \u0130yi Butik Oteli<\/strong><\/h3>\n<p><strong>Alanya\u2019da Butik Otel<\/strong> yada <strong>romantik otel<\/strong> ar\u0131yorsan\u0131z, <strong>Lemon Villa<\/strong>\u2019y\u0131 mutlaka g\u00f6rmelisiniz! <strong>Lemon Villa Butik Otel<\/strong> <span style=\"text-decoration: underline;\"><em>eski Alanya evi<\/em> <\/span>al\u0131n\u0131p tamamen tadilat edilip yenilenmi\u015f <strong>Alanya kona\u011f\u0131d\u0131r<\/strong>, <strong>Alanya \u015eehir merkezinde <em>tarihi Alanya kalesinin<\/em> <\/strong>giri\u015finde olup <span style=\"text-decoration: underline;\">tarihi plaja<\/span> 150 m mesafede, <strong>kleopatra plaj\u0131na<\/strong> 1 km , b\u00fct\u00fcn <span style=\"text-decoration: underline;\">restaurant<\/span> ve <span style=\"text-decoration: underline;\">e\u011flence<\/span> yerlerine 100 mt mesafede <span style=\"text-decoration: underline;\"><strong>Alanya liman\u0131na<\/strong> <\/span>yaln\u0131zca 50 mt mesafededir. Konum olarak m\u00fckemmel bir yerdedir. <strong>Lemon Villa Butik Otel<\/strong>\u2019in <span style=\"text-decoration: underline;\">k\u00fc\u00e7\u00fck<\/span> ve <span style=\"text-decoration: underline;\">\u00e7i\u00e7eklerle<\/span> dolu <span style=\"text-decoration: underline;\">huzurlu<\/span> bir <span style=\"text-decoration: underline;\">bah\u00e7esi<\/span> vard\u0131r. <span style=\"text-decoration: underline;\">Wi-fi \u00fccretsiz<\/span> olup b\u00fct\u00fcn mekanlarda kullan\u0131labilmektedir . <em>Lemon Villa Butik Otel;<\/em> <strong>Oda Kahvalt\u0131 Otel <\/strong>\u015feklinde \u00e7al\u0131\u015fmaktad\u0131r. Odalar ah\u015fap kaplamal\u0131 yada seramik kaplamal\u0131d\u0131r, oda resimlerinden bakabilirsiniz . B\u00fct\u00fcn <strong>odalar kaliteli<\/strong> bir \u015fekilde <strong>antik<\/strong> ve <strong>yeni e\u015fyalar\u0131n<\/strong> uyumuyla dizayn etilmi\u015f, <span style=\"text-decoration: underline;\">konforlu odalarda<\/span> klima, banyo, <span style=\"text-decoration: underline;\">wc<\/span>, <span style=\"text-decoration: underline;\">flat-screen uydu tv<\/span>, <span style=\"text-decoration: underline;\">sa\u00e7 kurutma makinesi<\/span> ve kaliteli sarf malzemeleri vard\u0131r. Baz\u0131 odalarda balkon vard\u0131r , balkonu olmayan odalar bah\u00e7eyi yada ortak teras\u0131 kullanabilirler . Bu <strong>k\u00fc\u00e7\u00fck butik otel<\/strong> aile taraf\u0131ndan i\u015fletilmektedir ve T\u00fcrkiye\u2019deki <strong>butik oteller<\/strong> katagorisinde <span style=\"text-decoration: underline;\">iyi bir yerdedir<\/span>. <span style=\"text-decoration: underline;\">Bisiklet<\/span>, <span style=\"text-decoration: underline;\">ara\u00e7 kiralama<\/span>, <span style=\"text-decoration: underline;\">\u00e7ama\u015f\u0131r y\u0131kama<\/span>, <span style=\"text-decoration: underline;\">kuru temizleme<\/span>, <span style=\"text-decoration: underline;\">\u00fct\u00fcleme<\/span> ve <span style=\"text-decoration: underline;\">tur d\u00fczenleme<\/span> konusunda yard\u0131mc\u0131 olmaktay\u0131z. <strong>Organik<\/strong> ve <strong>ev yap\u0131m\u0131 re\u00e7eller<\/strong> ve bol \u00e7e\u015fidiyle <strong>Lemon Villa<\/strong>\u2019n\u0131n <em><strong>kahvalt\u0131s\u0131n\u0131<\/strong> <\/em><span style=\"text-decoration: underline;\">limon a\u011fa\u00e7lar\u0131<\/span> alt\u0131nda yada kayadan oyularak yap\u0131lm\u0131\u015f <strong>ma\u011fara restaurantta<\/strong> yapabilirsiniz, bu <strong>k\u00fc\u00e7\u00fck ve l\u00fcks otelde<\/strong> ayn\u0131 zamanda bir restaurantta vard\u0131r <strong>\u00f6\u011flen<\/strong> ve <strong>ak\u015fam yeme\u011fi<\/strong> yiyebilece\u011finiz. \u0130ste\u011finize g\u00f6re <span style=\"text-decoration: underline;\">diyet<\/span> yada <span style=\"text-decoration: underline;\">\u00f6zel<\/span> men\u00fcler haz\u0131rlanabilir.<\/p>\n","protected":false},"excerpt":{"rendered":"<p>T\u00fcrkiye&#8217;nin En \u0130yi Butik Oteli Alanya\u2019da Butik Otel yada romantik otel ar\u0131yorsan\u0131z, Lemon Villa\u2019y\u0131 mutlaka g\u00f6rmelisiniz! Lemon Villa Butik Otel eski Alanya evi al\u0131n\u0131p tamamen tadilat edilip yenilenmi\u015f Alanya kona\u011f\u0131d\u0131r, Alanya \u015eehir merkezinde tarihi Alanya kalesinin giri\u015finde olup tarihi plaja 150 m mesafede, kleopatra plaj\u0131na 1 km , b\u00fct\u00fcn restaurant ve e\u011flence yerlerine 100 mt [&hellip;]<\/p>\n","protected":false},"author":1,"featured_media":0,"parent":0,"menu_order":0,"comment_status":"closed","ping_status":"closed","template":"","meta":{"footnotes":""},"class_list":["post-378","page","type-page","status-publish","hentry"],"_links":{"self":[{"href":"https:\/\/www.lemonvilla.com\/index.php?rest_route=\/wp\/v2\/pages\/378","targetHints":{"allow":["GET"]}}],"collection":[{"href":"https:\/\/www.lemonvilla.com\/index.php?rest_route=\/wp\/v2\/pages"}],"about":[{"href":"https:\/\/www.lemonvilla.com\/index.php?rest_route=\/wp\/v2\/types\/page"}],"author":[{"embeddable":true,"href":"https:\/\/www.lemonvilla.com\/index.php?rest_route=\/wp\/v2\/users\/1"}],"replies":[{"embeddable":true,"href":"https:\/\/www.lemonvilla.com\/index.php?rest_route=%2Fwp%2Fv2%2Fcomments&post=378"}],"version-history":[{"count":7,"href":"https:\/\/www.lemonvilla.com\/index.php?rest_route=\/wp\/v2\/pages\/378\/revisions"}],"predecessor-version":[{"id":741,"href":"https:\/\/www.lemonvilla.com\/index.php?rest_route=\/wp\/v2\/pages\/378\/revisions\/741"}],"wp:attachment":[{"href":"https:\/\/www.lemonvilla.com\/index.php?rest_route=%2Fwp%2Fv2%2Fmedia&parent=378"}],"curies":[{"name":"wp","href":"https:\/\/api.w.org\/{rel}","templated":true}]}}