{"id":464,"date":"2017-04-30T15:02:51","date_gmt":"2017-04-30T12:02:51","guid":{"rendered":"http:\/\/www.lemonvilla.com\/?page_id=464"},"modified":"2017-04-30T15:29:48","modified_gmt":"2017-04-30T12:29:48","slug":"butik-otel-restoran-alanya","status":"publish","type":"page","link":"https:\/\/www.lemonvilla.com\/?page_id=464&lang=tr","title":{"rendered":"Lemon Tree Restoran"},"content":{"rendered":"<p>&nbsp;<\/p>\n<h3>RESTORAN, CAFE \u015eARAP EV\u0130<\/h3>\n<p><strong>Lemon Tree Restaurant<\/strong> kayadan oyularak yap\u0131lm\u0131\u015f yerin alt\u0131nda olan , <strong>vip konuk a\u011f\u0131rlama<\/strong> ya da <strong>i\u015f g\u00f6r\u00fc\u015fmeleri<\/strong> i\u00e7in k\u00fc\u00e7\u00fck bir toplant\u0131 salonuna d\u00f6n\u00fc\u015ft\u00fcr\u00fclebilmektedir. <strong>A\u00e7\u0131k b\u00fcfeve serpme kahvalt\u0131<\/strong>, g\u00fcnboyu \u00f6zel aperatiflerde, \u00f6zel m\u00f6n\u00fclerle <strong>ak\u015fam yemeklerinde<\/strong>, <strong>\u00f6zel kutlamalar<\/strong> ve <strong>organizasyonlarda<\/strong> y\u00fczy\u0131llard\u0131r bollu\u011fun, bereketin ve sa\u011fl\u0131\u011f\u0131n simgesi olmu\u015f A<strong>kdeniz Mutfa\u011f\u0131<\/strong>&#8216;n\u0131n lezzet yans\u0131malar\u0131 servis hizmeti ve kalitesiyle sunuluyor&#8230; Y\u00fczy\u0131llard\u0131r bollu\u011fun, bereketin ve sa\u011fl\u0131\u011f\u0131n simgesi olmu\u015f <em>Akdeniz mutfa\u011f\u0131n\u0131n<\/em> t\u00fcm \u00e7e\u015fitleriyle g\u00fcn\u00fcm\u00fcz mimarisinin sunmu\u015f oldu\u011fu hijyen ko\u015fullar\u0131n\u0131n ferahl\u0131\u011f\u0131nda, akdeniz rahatl\u0131\u011f\u0131 ve \u015f\u0131kl\u0131\u011f\u0131yla dizayn edilmi\u015f bah\u00e7esinde siz misafirlerimize en iyi hizmeti sunabilmek i\u00e7in <strong>a\u00e7\u0131k b\u00fcfe kahvalt\u0131<\/strong>, <strong>yiyecek&amp;i\u00e7ecek<\/strong> m\u00f6n\u00fcm\u00fcz, <em><strong>g\u00fcler y\u00fczl\u00fc profesyonel<\/strong> <\/em>elemanlar\u0131m\u0131z ve \u00fcr\u00fcn kalitesindeki y\u00fcksek standartlar\u0131m\u0131zla hizmetinize sunulmu\u015ftur. <strong>\u00d6zel<\/strong> ve <strong>VIP d\u00fczeydeki toplant\u0131 <\/strong>ve <strong>i\u015f g\u00f6r\u00fc\u015fmelerinizi<\/strong> <span style=\"text-decoration: underline;\">sessiz<\/span>, <span style=\"text-decoration: underline;\">sakin<\/span> ve <span style=\"text-decoration: underline;\">g\u00fcvenli<\/span> bir ortamda <strong>LEMON VILLA BOUTIQUE HOTEL<\/strong>\u2019 in size sunaca\u011f\u0131 ho\u015f mekanlarda, e\u015fsiz servis kalitesi e\u015fli\u011finde tertip ve organize edebilirsiniz.<\/p>\n\n\t\t\t<div>\n\t\t\t<style type='text\/css'>\n\t\t\t\t#gallery-1 {\n\t\t\t\t\tmargin: auto;\n\t\t\t\t}\n\t\t\t\t#gallery-1 .gallery-item {\n\t\t\t\t\tfloat: left;\n\t\t\t\t\tmargin-top: 10px;\n\t\t\t\t\ttext-align: center;\n\t\t\t\t\twidth: 16%;\n\t\t\t\t}\n\t\t\t\t#gallery-1 img {\n\t\t\t\t\tborder: 2px solid #cfcfcf;\n\t\t\t\t}\n\t\t\t\t#gallery-1 .gallery-caption {\n\t\t\t\t\tmargin-left: 0;\n\t\t\t\t}\n\t\t\t\t\/* see gallery_shortcode() in wp-includes\/media.php *\/\n\t\t\t<\/style><\/div>\n\t\t<div id='gallery-1' class='gallery galleryid-464 gallery-columns-6 gallery-size-thumbnail'><div class=\"gallery-inner-wrapper\"><dl class='gallery-item'>\n\t\t\t\t<dt class='gallery-icon landscape'>\n\t\t\t\t\t<a href='https:\/\/www.lemonvilla.com\/wp-content\/uploads\/tradional-foods.jpg'><img loading=\"lazy\" decoding=\"async\" width=\"150\" height=\"150\" src=\"https:\/\/www.lemonvilla.com\/wp-content\/uploads\/tradional-foods-150x150.jpg\" class=\"attachment-thumbnail size-thumbnail\" alt=\"\" srcset=\"https:\/\/www.lemonvilla.com\/wp-content\/uploads\/tradional-foods-150x150.jpg 150w, https:\/\/www.lemonvilla.com\/wp-content\/uploads\/tradional-foods-300x300.jpg 300w, https:\/\/www.lemonvilla.com\/wp-content\/uploads\/tradional-foods-768x768.jpg 768w, https:\/\/www.lemonvilla.com\/wp-content\/uploads\/tradional-foods.jpg 960w\" sizes=\"auto, (max-width: 150px) 100vw, 150px\" \/><\/a>\n\t\t\t\t<\/dt><dd><\/dd><\/dl><dl class='gallery-item'>\n\t\t\t\t<dt class='gallery-icon landscape'>\n\t\t\t\t\t<a href='https:\/\/www.lemonvilla.com\/wp-content\/uploads\/tradional-food-alanya.jpg'><img loading=\"lazy\" decoding=\"async\" width=\"150\" height=\"150\" src=\"https:\/\/www.lemonvilla.com\/wp-content\/uploads\/tradional-food-alanya-150x150.jpg\" class=\"attachment-thumbnail size-thumbnail\" alt=\"\" srcset=\"https:\/\/www.lemonvilla.com\/wp-content\/uploads\/tradional-food-alanya-150x150.jpg 150w, https:\/\/www.lemonvilla.com\/wp-content\/uploads\/tradional-food-alanya-300x300.jpg 300w, https:\/\/www.lemonvilla.com\/wp-content\/uploads\/tradional-food-alanya-768x768.jpg 768w, https:\/\/www.lemonvilla.com\/wp-content\/uploads\/tradional-food-alanya.jpg 960w\" sizes=\"auto, (max-width: 150px) 100vw, 150px\" \/><\/a>\n\t\t\t\t<\/dt><dd><\/dd><\/dl><dl class='gallery-item'>\n\t\t\t\t<dt class='gallery-icon portrait'>\n\t\t\t\t\t<a href='https:\/\/www.lemonvilla.com\/wp-content\/uploads\/romantik-restaurant-alanya.jpg'><img loading=\"lazy\" decoding=\"async\" width=\"150\" height=\"150\" src=\"https:\/\/www.lemonvilla.com\/wp-content\/uploads\/romantik-restaurant-alanya-150x150.jpg\" class=\"attachment-thumbnail size-thumbnail\" alt=\"\" \/><\/a>\n\t\t\t\t<\/dt><dd><\/dd><\/dl><dl class='gallery-item'>\n\t\t\t\t<dt class='gallery-icon landscape'>\n\t\t\t\t\t<a href='https:\/\/www.lemonvilla.com\/wp-content\/uploads\/lemon-villa-coffee.jpg'><img loading=\"lazy\" decoding=\"async\" width=\"150\" height=\"150\" src=\"https:\/\/www.lemonvilla.com\/wp-content\/uploads\/lemon-villa-coffee-150x150.jpg\" class=\"attachment-thumbnail size-thumbnail\" alt=\"\" srcset=\"https:\/\/www.lemonvilla.com\/wp-content\/uploads\/lemon-villa-coffee-150x150.jpg 150w, https:\/\/www.lemonvilla.com\/wp-content\/uploads\/lemon-villa-coffee-300x300.jpg 300w, https:\/\/www.lemonvilla.com\/wp-content\/uploads\/lemon-villa-coffee.jpg 640w\" sizes=\"auto, (max-width: 150px) 100vw, 150px\" \/><\/a>\n\t\t\t\t<\/dt><dd><\/dd><\/dl><dl class='gallery-item'>\n\t\t\t\t<dt class='gallery-icon landscape'>\n\t\t\t\t\t<a href='https:\/\/www.lemonvilla.com\/wp-content\/uploads\/lemon-tree-restaurant-cafe.jpg'><img loading=\"lazy\" decoding=\"async\" width=\"150\" height=\"150\" src=\"https:\/\/www.lemonvilla.com\/wp-content\/uploads\/lemon-tree-restaurant-cafe-150x150.jpg\" class=\"attachment-thumbnail size-thumbnail\" alt=\"\" srcset=\"https:\/\/www.lemonvilla.com\/wp-content\/uploads\/lemon-tree-restaurant-cafe-150x150.jpg 150w, https:\/\/www.lemonvilla.com\/wp-content\/uploads\/lemon-tree-restaurant-cafe-300x300.jpg 300w, https:\/\/www.lemonvilla.com\/wp-content\/uploads\/lemon-tree-restaurant-cafe-768x768.jpg 768w, https:\/\/www.lemonvilla.com\/wp-content\/uploads\/lemon-tree-restaurant-cafe.jpg 960w\" sizes=\"auto, (max-width: 150px) 100vw, 150px\" \/><\/a>\n\t\t\t\t<\/dt><dd><\/dd><\/dl><dl class='gallery-item'>\n\t\t\t\t<dt class='gallery-icon portrait'>\n\t\t\t\t\t<a href='https:\/\/www.lemonvilla.com\/wp-content\/uploads\/k\u00f6y-kahvalt\u0131s\u0131.jpg'><img loading=\"lazy\" decoding=\"async\" width=\"150\" height=\"150\" src=\"https:\/\/www.lemonvilla.com\/wp-content\/uploads\/k\u00f6y-kahvalt\u0131s\u0131-150x150.jpg\" class=\"attachment-thumbnail size-thumbnail\" alt=\"\" \/><\/a>\n\t\t\t\t<\/dt><dd><\/dd><\/dl><br style=\"clear: both\" \/><dl class='gallery-item'>\n\t\t\t\t<dt class='gallery-icon landscape'>\n\t\t\t\t\t<a href='https:\/\/www.lemonvilla.com\/wp-content\/uploads\/historical-restaurant.jpg'><img loading=\"lazy\" decoding=\"async\" width=\"150\" height=\"150\" src=\"https:\/\/www.lemonvilla.com\/wp-content\/uploads\/historical-restaurant-150x150.jpg\" class=\"attachment-thumbnail size-thumbnail\" alt=\"\" srcset=\"https:\/\/www.lemonvilla.com\/wp-content\/uploads\/historical-restaurant-150x150.jpg 150w, https:\/\/www.lemonvilla.com\/wp-content\/uploads\/historical-restaurant-300x300.jpg 300w, https:\/\/www.lemonvilla.com\/wp-content\/uploads\/historical-restaurant-768x768.jpg 768w, https:\/\/www.lemonvilla.com\/wp-content\/uploads\/historical-restaurant.jpg 960w\" sizes=\"auto, (max-width: 150px) 100vw, 150px\" \/><\/a>\n\t\t\t\t<\/dt><dd><\/dd><\/dl><dl class='gallery-item'>\n\t\t\t\t<dt class='gallery-icon landscape'>\n\t\t\t\t\t<a href='https:\/\/www.lemonvilla.com\/wp-content\/uploads\/ev-yap\u0131m\u0131-re\u00e7el.jpg'><img loading=\"lazy\" decoding=\"async\" width=\"150\" height=\"150\" src=\"https:\/\/www.lemonvilla.com\/wp-content\/uploads\/ev-yap\u0131m\u0131-re\u00e7el-150x150.jpg\" class=\"attachment-thumbnail size-thumbnail\" alt=\"\" \/><\/a>\n\t\t\t\t<\/dt><dd><\/dd><\/dl><dl class='gallery-item'>\n\t\t\t\t<dt class='gallery-icon portrait'>\n\t\t\t\t\t<a href='https:\/\/www.lemonvilla.com\/wp-content\/uploads\/do\u011fal-kahvalt\u0131.jpg'><img loading=\"lazy\" decoding=\"async\" width=\"150\" height=\"150\" src=\"https:\/\/www.lemonvilla.com\/wp-content\/uploads\/do\u011fal-kahvalt\u0131-150x150.jpg\" class=\"attachment-thumbnail size-thumbnail\" alt=\"\" \/><\/a>\n\t\t\t\t<\/dt><dd><\/dd><\/dl><dl class='gallery-item'>\n\t\t\t\t<dt class='gallery-icon landscape'>\n\t\t\t\t\t<a href='https:\/\/www.lemonvilla.com\/wp-content\/uploads\/cave-restaurant.jpg'><img loading=\"lazy\" decoding=\"async\" width=\"150\" height=\"150\" src=\"https:\/\/www.lemonvilla.com\/wp-content\/uploads\/cave-restaurant-150x150.jpg\" class=\"attachment-thumbnail size-thumbnail\" alt=\"\" \/><\/a>\n\t\t\t\t<\/dt><dd><\/dd><\/dl><dl class='gallery-item'>\n\t\t\t\t<dt class='gallery-icon portrait'>\n\t\t\t\t\t<a href='https:\/\/www.lemonvilla.com\/wp-content\/uploads\/butik-restaurant.jpg'><img loading=\"lazy\" decoding=\"async\" width=\"150\" height=\"150\" src=\"https:\/\/www.lemonvilla.com\/wp-content\/uploads\/butik-restaurant-150x150.jpg\" class=\"attachment-thumbnail size-thumbnail\" alt=\"\" \/><\/a>\n\t\t\t\t<\/dt><dd><\/dd><\/dl><dl class='gallery-item'>\n\t\t\t\t<dt class='gallery-icon portrait'>\n\t\t\t\t\t<a href='https:\/\/www.lemonvilla.com\/wp-content\/uploads\/butik-otel-yemek.jpg'><img loading=\"lazy\" decoding=\"async\" width=\"150\" height=\"150\" src=\"https:\/\/www.lemonvilla.com\/wp-content\/uploads\/butik-otel-yemek-150x150.jpg\" class=\"attachment-thumbnail size-thumbnail\" alt=\"\" \/><\/a>\n\t\t\t\t<\/dt><dd><\/dd><\/dl><br style=\"clear: both\" \/><dl class='gallery-item'>\n\t\t\t\t<dt class='gallery-icon portrait'>\n\t\t\t\t\t<a href='https:\/\/www.lemonvilla.com\/wp-content\/uploads\/butik-otel-kahvalt\u0131.jpg'><img loading=\"lazy\" decoding=\"async\" width=\"150\" height=\"150\" src=\"https:\/\/www.lemonvilla.com\/wp-content\/uploads\/butik-otel-kahvalt\u0131-150x150.jpg\" class=\"attachment-thumbnail size-thumbnail\" alt=\"\" \/><\/a>\n\t\t\t\t<\/dt><dd><\/dd><\/dl><dl class='gallery-item'>\n\t\t\t\t<dt class='gallery-icon landscape'>\n\t\t\t\t\t<a href='https:\/\/www.lemonvilla.com\/wp-content\/uploads\/alanya-romantic-dinner.jpg'><img loading=\"lazy\" decoding=\"async\" width=\"150\" height=\"150\" src=\"https:\/\/www.lemonvilla.com\/wp-content\/uploads\/alanya-romantic-dinner-150x150.jpg\" class=\"attachment-thumbnail size-thumbnail\" alt=\"\" \/><\/a>\n\t\t\t\t<\/dt><dd><\/dd><\/dl><dl class='gallery-item'>\n\t\t\t\t<dt class='gallery-icon portrait'>\n\t\t\t\t\t<a href='https:\/\/www.lemonvilla.com\/wp-content\/uploads\/alanya-kale-kahvalt\u0131.jpg'><img loading=\"lazy\" decoding=\"async\" width=\"150\" height=\"150\" src=\"https:\/\/www.lemonvilla.com\/wp-content\/uploads\/alanya-kale-kahvalt\u0131-150x150.jpg\" class=\"attachment-thumbnail size-thumbnail\" alt=\"\" \/><\/a>\n\t\t\t\t<\/dt><dd><\/dd><\/dl><dl class='gallery-item'>\n\t\t\t\t<dt class='gallery-icon landscape'>\n\t\t\t\t\t<a href='https:\/\/www.lemonvilla.com\/wp-content\/uploads\/alanya-kahvalt\u0131.jpg'><img loading=\"lazy\" decoding=\"async\" width=\"150\" height=\"150\" src=\"https:\/\/www.lemonvilla.com\/wp-content\/uploads\/alanya-kahvalt\u0131-150x150.jpg\" class=\"attachment-thumbnail size-thumbnail\" alt=\"\" \/><\/a>\n\t\t\t\t<\/dt><dd><\/dd><\/dl><dl class='gallery-item'>\n\t\t\t\t<dt class='gallery-icon landscape'>\n\t\t\t\t\t<a href='https:\/\/www.lemonvilla.com\/wp-content\/uploads\/alanya-butik-restaurant.jpg'><img loading=\"lazy\" decoding=\"async\" width=\"150\" height=\"150\" src=\"https:\/\/www.lemonvilla.com\/wp-content\/uploads\/alanya-butik-restaurant-150x150.jpg\" class=\"attachment-thumbnail size-thumbnail\" alt=\"\" \/><\/a>\n\t\t\t\t<\/dt><dd><\/dd><\/dl><dl class='gallery-item'>\n\t\t\t\t<dt class='gallery-icon landscape'>\n\t\t\t\t\t<a href='https:\/\/www.lemonvilla.com\/wp-content\/uploads\/alanya-breakfast.jpg'><img loading=\"lazy\" decoding=\"async\" width=\"150\" height=\"150\" src=\"https:\/\/www.lemonvilla.com\/wp-content\/uploads\/alanya-breakfast-150x150.jpg\" class=\"attachment-thumbnail size-thumbnail\" alt=\"\" \/><\/a>\n\t\t\t\t<\/dt><dd><\/dd><\/dl><br style=\"clear: both\" \/>\n\t\t\t\t<br style='clear: both;' \/>\n\t\t\t<\/div><\/div>\n\n","protected":false},"excerpt":{"rendered":"<p>&nbsp; RESTORAN, CAFE \u015eARAP EV\u0130 Lemon Tree Restaurant kayadan oyularak yap\u0131lm\u0131\u015f yerin alt\u0131nda olan , vip konuk a\u011f\u0131rlama ya da i\u015f g\u00f6r\u00fc\u015fmeleri i\u00e7in k\u00fc\u00e7\u00fck bir toplant\u0131 salonuna d\u00f6n\u00fc\u015ft\u00fcr\u00fclebilmektedir. A\u00e7\u0131k b\u00fcfeve serpme kahvalt\u0131, g\u00fcnboyu \u00f6zel aperatiflerde, \u00f6zel m\u00f6n\u00fclerle ak\u015fam yemeklerinde, \u00f6zel kutlamalar ve organizasyonlarda y\u00fczy\u0131llard\u0131r bollu\u011fun, bereketin ve sa\u011fl\u0131\u011f\u0131n simgesi olmu\u015f Akdeniz Mutfa\u011f\u0131&#8216;n\u0131n lezzet yans\u0131malar\u0131 servis [&hellip;]<\/p>\n","protected":false},"author":1,"featured_media":0,"parent":0,"menu_order":0,"comment_status":"closed","ping_status":"closed","template":"","meta":{"footnotes":""},"class_list":["post-464","page","type-page","status-publish","hentry"],"_links":{"self":[{"href":"https:\/\/www.lemonvilla.com\/index.php?rest_route=\/wp\/v2\/pages\/464","targetHints":{"allow":["GET"]}}],"collection":[{"href":"https:\/\/www.lemonvilla.com\/index.php?rest_route=\/wp\/v2\/pages"}],"about":[{"href":"https:\/\/www.lemonvilla.com\/index.php?rest_route=\/wp\/v2\/types\/page"}],"author":[{"embeddable":true,"href":"https:\/\/www.lemonvilla.com\/index.php?rest_route=\/wp\/v2\/users\/1"}],"replies":[{"embeddable":true,"href":"https:\/\/www.lemonvilla.com\/index.php?rest_route=%2Fwp%2Fv2%2Fcomments&post=464"}],"version-history":[{"count":9,"href":"https:\/\/www.lemonvilla.com\/index.php?rest_route=\/wp\/v2\/pages\/464\/revisions"}],"predecessor-version":[{"id":473,"href":"https:\/\/www.lemonvilla.com\/index.php?rest_route=\/wp\/v2\/pages\/464\/revisions\/473"}],"wp:attachment":[{"href":"https:\/\/www.lemonvilla.com\/index.php?rest_route=%2Fwp%2Fv2%2Fmedia&parent=464"}],"curies":[{"name":"wp","href":"https:\/\/api.w.org\/{rel}","templated":true}]}}