{"id":848,"date":"2021-06-06T18:09:32","date_gmt":"2021-06-06T15:09:32","guid":{"rendered":"https:\/\/www.lemonvilla.com\/?page_id=848"},"modified":"2021-06-06T18:09:33","modified_gmt":"2021-06-06T15:09:33","slug":"hakkimizda","status":"publish","type":"page","link":"https:\/\/www.lemonvilla.com\/?page_id=848&lang=tr","title":{"rendered":"Hakk\u0131m\u0131zda"},"content":{"rendered":"\n<p><strong>HAKKIMIZDA<\/strong><\/p>\n\n\n\n<p><strong>Lemon\nVilla Butik Otel<\/strong>&nbsp;, do\u011fa harikas\u0131 sahillere ve tarihi\n\u00f6zelliklere sahip Alanya\u2019da yer alan,&nbsp;<strong>aileniz<\/strong>&nbsp;veya&nbsp;<strong>dostlar\u0131n\u0131zla<\/strong>&nbsp;ho\u015f vakit\nge\u00e7irebilece\u011finiz keyifli ve ho\u015f bir otel.<\/p>\n\n\n\n<p>2013 y\u0131l\u0131nda\nmisafirlerine kap\u0131lar\u0131n\u0131 a\u00e7an&nbsp;<strong>Butik\nOtel<\/strong>&nbsp;<strong><em>Lemon Villa<\/em><\/strong>, k\u00fc\u00e7\u00fck \u015firin bir\nbah\u00e7eye sahibtir,&nbsp;<strong><em>bar<\/em><\/strong>,&nbsp;<strong><em>kahvalt\u0131<\/em><\/strong><em>&nbsp;<\/em>ve dinlenmeye ayr\u0131lm\u0131\u015f\nbir oturma alan\u0131, birbirinden g\u00fczel,11 butik oda ve 4 apart oda bulunuyor.&nbsp;<strong>Standart\nodalar<\/strong>,&nbsp;<strong>del\u00fcks<\/strong>&nbsp;&nbsp;, <strong>king s\u00fcit\nve apart odalar<\/strong>&nbsp;olarak dizayn edilmi\u015f olan oda tiplerinin her biri e\u015f de\u011fer&nbsp;konfora&nbsp;sahip. Hangi oda tipini tercih ederseniz\nedin, tatiliniz boyunca&nbsp;<strong><em>huzur<\/em><\/strong>,&nbsp;<strong><em>kalite<\/em><\/strong><em>&nbsp;<\/em>ve&nbsp;<strong><em>konfor&nbsp;<\/em><\/strong>i\u00e7in&nbsp;<strong>Boutique\nHotel Lemon Villa<\/strong>&nbsp;olarak elimizden geleni yapaca\u011f\u0131z.<\/p>\n\n\n\n<p>Harika bir konuma\nsahip olan&nbsp;<strong>Butik Otel Lemon Villa<\/strong>&nbsp;,&nbsp;<strong>Gazipa\u015fa\nhavaliman\u0131na<\/strong>&nbsp;30 km, \u015fehir merkezine\nsadece 150 m,&nbsp;<strong>Kleopatra plaj\u0131na<\/strong>&nbsp;3 km,&nbsp;<strong>tarihi\nplaja,<\/strong>&nbsp;b\u00fct\u00fcn&nbsp;<strong><em>restaurant<\/em><\/strong><em>&nbsp;<\/em>ve&nbsp;<strong><em>e\u011flence\nmekanlar\u0131<\/em><\/strong><em>&nbsp;<\/em>y\u00fcr\u00fcy\u00fc\u015f\nmesafesinde.&nbsp;<strong>Tatilinizi<\/strong>&nbsp;daha da\nzenginle\u015ftirmek amac\u0131yla&nbsp;Alanya ve \u00e7evresinde&nbsp;tur\norganizasyonlar\u0131 da ekstra hizmetler dahilinde otelimiz taraf\u0131ndan\nd\u00fczenlenmekte.&nbsp;<strong>Butik Otel<\/strong>&nbsp;Lemon Villa,\nkonaklamal\u0131 veya konaklamas\u0131z,&nbsp;<strong><em>ni\u015fan<\/em><\/strong>,&nbsp;<strong><em>d\u00fc\u011f\u00fcn<\/em><\/strong>,&nbsp;<strong><em>do\u011fum\ng\u00fcn\u00fc<\/em><\/strong>,&nbsp;<strong><em>\u00f6zel partiler<\/em><\/strong><strong>&nbsp;<\/strong>gibi&nbsp;<strong>organizasyonlarda<\/strong>&nbsp;ya da&nbsp;<strong><em>dostlar\u0131n\u0131zla\nba\u015fba\u015fa<\/em><\/strong>, sadece size \u00f6zel nezih bir ortamda olmak istedi\u011finizde kapal\u0131 grup\nhizmeti de vermekte.<\/p>\n\n\n\n<p>\u2022 \u0130nsanlara \u00e7ok de\u011fer\nveren bir i\u015fletme anla\u015f\u0131y\u0131na sahip olan&nbsp;<strong>Butik\nOte<\/strong>l Lemon Villa, yak\u0131n dostlar\u0131m\u0131z olan hayvanlara da \u00e7ok de\u011fer vermekte ve\nsevmektedir. Ancak, baz\u0131 misafirlerimizin ho\u015flanmayacaklar\u0131 ve hijyen gerek\u00e7esi\nile otel s\u0131n\u0131rlar\u0131 i\u00e7inde hayvan bulundurulmas\u0131na izin verilmemektedir.\nHayvansever misafirlerimizin bu konuda g\u00f6sterecekleri anlay\u0131\u015fa \u015fimdiden\nte\u015fekk\u00fcr ediyoruz.<\/p>\n\n\n\n<p>\u2022&nbsp;<strong>Alanya\nButik Otel<\/strong>&nbsp;Lemon Villa fark\u0131n\u0131 ya\u015famak \u00fczere otelimizi tercih eden misafirlerimize,\ndiledikleri durumda havaliman\u0131-otel aras\u0131 transfer hizmeti de ayr\u0131ca\nsunulmaktad\u0131r.<\/p>\n\n\n\n<p>\u2022 Otel giri\u015f saati\n14.00, \u00e7\u0131k\u0131\u015f saati 12.00 dir.<\/p>\n\n\n\n<p>\u015eehrin merkezinde ama\n\u015fehirli de\u011fil ,&nbsp;<strong><em>Tarihi Alanya Kalesinin<\/em><\/strong><em>&nbsp;<\/em>giri\u015finde sessiz bir\nb\u00f6lgede,&nbsp;<em>Huzur<\/em>&nbsp;arayanlar\u0131n bir an olsun \u015fehirden uzakla\u015fmak\nisteyenlerin&nbsp;<em>\u00f6zel kutlamalar\u0131nda<\/em>&nbsp;ve&nbsp;<em>\u00f6zel g\u00fclerinde<\/em>&nbsp;<strong>e\u015fiyle<\/strong>&nbsp;<strong>sevgiliyse<\/strong>&nbsp;veya&nbsp;<strong>arkada\u015flar\u0131yla<\/strong>&nbsp;gidebilecekleri\nho\u015f bir mekan . Otel olarak k\u0131sa s\u00fcrede ba\u015far\u0131y\u0131 yakalayan Lemon villa&nbsp;<strong><em>Hotel\nBooking<\/em><\/strong>&nbsp;sitelerinde her zaman ilk \u00fc\u00e7e girmekte ,&nbsp;<strong>Lemon\nTree Restaurant<\/strong>&nbsp;<em>Kahvalt\u0131s\u0131<\/em>&nbsp;ile ve\nsundu\u011fu&nbsp;<em>de\u011fi\u015fik tatlar<\/em>&nbsp;ile de \u00e7ok tercih edilen bir mekan .<\/p>\n","protected":false},"excerpt":{"rendered":"<p>HAKKIMIZDA Lemon Villa Butik Otel&nbsp;, do\u011fa harikas\u0131 sahillere ve tarihi \u00f6zelliklere sahip Alanya\u2019da yer alan,&nbsp;aileniz&nbsp;veya&nbsp;dostlar\u0131n\u0131zla&nbsp;ho\u015f vakit ge\u00e7irebilece\u011finiz keyifli ve ho\u015f bir otel. 2013 y\u0131l\u0131nda misafirlerine kap\u0131lar\u0131n\u0131 a\u00e7an&nbsp;Butik Otel&nbsp;Lemon Villa, k\u00fc\u00e7\u00fck \u015firin bir bah\u00e7eye sahibtir,&nbsp;bar,&nbsp;kahvalt\u0131&nbsp;ve dinlenmeye ayr\u0131lm\u0131\u015f bir oturma alan\u0131, birbirinden g\u00fczel,11 butik oda ve 4 apart oda bulunuyor.&nbsp;Standart odalar,&nbsp;del\u00fcks&nbsp;&nbsp;, king s\u00fcit ve apart odalar&nbsp;olarak dizayn [&hellip;]<\/p>\n","protected":false},"author":1,"featured_media":0,"parent":0,"menu_order":0,"comment_status":"closed","ping_status":"closed","template":"","meta":{"footnotes":""},"class_list":["post-848","page","type-page","status-publish","hentry"],"_links":{"self":[{"href":"https:\/\/www.lemonvilla.com\/index.php?rest_route=\/wp\/v2\/pages\/848","targetHints":{"allow":["GET"]}}],"collection":[{"href":"https:\/\/www.lemonvilla.com\/index.php?rest_route=\/wp\/v2\/pages"}],"about":[{"href":"https:\/\/www.lemonvilla.com\/index.php?rest_route=\/wp\/v2\/types\/page"}],"author":[{"embeddable":true,"href":"https:\/\/www.lemonvilla.com\/index.php?rest_route=\/wp\/v2\/users\/1"}],"replies":[{"embeddable":true,"href":"https:\/\/www.lemonvilla.com\/index.php?rest_route=%2Fwp%2Fv2%2Fcomments&post=848"}],"version-history":[{"count":1,"href":"https:\/\/www.lemonvilla.com\/index.php?rest_route=\/wp\/v2\/pages\/848\/revisions"}],"predecessor-version":[{"id":849,"href":"https:\/\/www.lemonvilla.com\/index.php?rest_route=\/wp\/v2\/pages\/848\/revisions\/849"}],"wp:attachment":[{"href":"https:\/\/www.lemonvilla.com\/index.php?rest_route=%2Fwp%2Fv2%2Fmedia&parent=848"}],"curies":[{"name":"wp","href":"https:\/\/api.w.org\/{rel}","templated":true}]}}